{"id":24196,"date":"2024-02-07T16:30:02","date_gmt":"2024-02-07T15:30:02","guid":{"rendered":"https:\/\/napex.art\/?post_type=product&#038;p=24196"},"modified":"2026-03-03T14:16:07","modified_gmt":"2026-03-03T13:16:07","slug":"napex-92053","status":"publish","type":"product","link":"https:\/\/napex.art\/en\/product\/napex-92053\/","title":{"rendered":"NAPEX 92053 LIMITED"},"content":{"rendered":"<div data-elementor-type=\"wp-post\" data-elementor-id=\"24196\" class=\"elementor elementor-24196\">\n\t\t\t\t\t\t<section class=\"elementor-section elementor-top-section elementor-element elementor-element-b2f6ab elementor-section-boxed elementor-section-height-default elementor-section-height-default sc_fly_static\" data-id=\"b2f6ab\" data-element_type=\"section\" data-e-type=\"section\">\n\t\t\t\t\t\t<div class=\"elementor-container elementor-column-gap-extended\">\n\t\t\t\t\t<div class=\"elementor-column elementor-col-100 elementor-top-column elementor-element elementor-element-5f6d0221 sc_content_align_inherit sc_layouts_column_icons_position_left sc_fly_static\" data-id=\"5f6d0221\" data-element_type=\"column\" data-e-type=\"column\">\n\t\t\t<div class=\"elementor-widget-wrap elementor-element-populated\">\n\t\t\t\t\t\t<div class=\"elementor-element elementor-element-7cabfa8f sc_fly_static elementor-widget elementor-widget-text-editor\" data-id=\"7cabfa8f\" data-element_type=\"widget\" data-e-type=\"widget\" data-widget_type=\"text-editor.default\">\n\t\t\t\t<div class=\"elementor-widget-container\">\n\t\t\t\t\t\t\t\t\t<h6>Napex 92053 <span style=\"opacity: 0;\">Napoli Explosion exhibition<\/span><\/h6>\nQui la costellazione di luci disegna un enorme balena azzurra avvolta in un vortice di bolle d\u2019aria come nell\u2019immersione dopo un alto salto. Una balena maestosa che supera in stazza i confini stessi della composizione. Impossibile non fare riferimento al capolavoro della letteratura americana Moby Dick quando Melville scrive \u201cNuot\u00f2 nei mari prima che i continenti rompessero le acque. Nel diluvio di No\u00e8 disprezz\u00f2 l\u2019Arca di No\u00e8; e se mai il mondo dovesse essere inondato di nuovo, come i Paesi Bassi, per uccidere i suoi topi, allora l\u2019eterna balena sopravvivr\u00e0 ancora e, impennandosi sulla cresta pi\u00f9 alta del diluvio equatoriale, lancer\u00e0 la sua schiumosa sfida al cielo.\u201d <span style=\"opacity: 0;\">Napoli Explosion Napex di Mario Amura<\/span>\n<p style=\"text-align: right;\"><a href=\"https:\/\/it.wikipedia.org\/wiki\/Sylvain_Bellenger\">Sylvain Bellenger<\/a><\/p>\n\n<h6>Napoli Explosion exhibition<\/h6>\nThe window of my bedroom overlooked Mount Vesuvius, and every morning, with reverence, I whispered a good morning to it as one would address a slumbering person, afraid of awakening them. The volcano is a living presence for anyone living at its slopes. For over 12 years, on New Year's Eve, my team and I ascend Mount Faito, a mountain overlooking the Bay of Naples, to capture the extraordinary choreography of lights and colors produced by fireworks all around Vesuvius. Through this superstitious and propitiatory ritual, the people of Naples welcome the new year. The image of the black and silent silhouette of the volcano submerged by the cacophony of fireworks' colors seemed to me a representation that needed to be explored seriously and viewed from different perspectives. Over the years, the project has evolved into an experimentation of new forms of writing with light, using a unique color palette provided by the hundreds of thousands of fireworks exploding simultaneously. Over time, Napoli Explosion has become a work in search of the feeling of light.\n<p style=\"text-align: right;\"><a href=\"https:\/\/mario-amura.com\/\" rel=\"noopener\">Mario Amura<\/a><\/p>\n<a href=\"https:\/\/napex.art\/en\/artwork\/napex-92053\/\"><strong>Discover more...<\/strong><\/a>\t\t\t\t\t\t\t\t<\/div>\n\t\t\t\t<\/div>\n\t\t\t\t\t<\/div>\n\t\t<\/div>\n\t\t\t\t\t<\/div>\n\t\t<\/section>\n\t\t\t\t<\/div>","protected":false},"excerpt":{"rendered":"<p><small><a href=\"https:\/\/napex.art\/en\/product-tag\/signed\/\"><span style=\"color: #ffffff; border-radius: 25px; border: 2px solid #117789; padding: 7px; background: #117789;\">SIGNED<\/span><\/a> <a href=\"https:\/\/napex.art\/en\/product-tag\/limited-edition\/\"><span style=\"color: #ffffff; border-radius: 25px; border: 2px solid #b11f24; padding: 7px; background: #b11f24;\">LIMITED EDITION<\/span><\/a><\/small><\/p>\n<h5>Limited Edition \/30<\/h5>\n<p><small>60 W x 40 H cm<\/small><br \/>\n<small>Napoli, 2019<\/small><br \/>\n<small>Mario Amura<\/small><\/p>","protected":false},"featured_media":24178,"template":"","meta":{"_themeisle_gutenberg_block_has_review":false},"product_brand":[],"product_cat":[228,213],"product_tag":[211,210],"class_list":{"0":"post-24196","1":"product","2":"type-product","3":"status-publish","4":"has-post-thumbnail","6":"product_cat-228","7":"product_cat-60-w-x-40-h-cm","8":"product_tag-limited-edition","9":"product_tag-signed","10":"product_shipping_class-big","12":"first","13":"instock","14":"sale","15":"taxable","16":"shipping-taxable","17":"purchasable","18":"product-type-simple"},"yoast_head":"<!-- This site is optimized with the Yoast SEO Premium plugin v23.8 (Yoast SEO v27.3) - https:\/\/yoast.com\/product\/yoast-seo-premium-wordpress\/ -->\n<title>Mario Amura - NAPEX 92053 LIMITED Napoli Explosion Collection<\/title>\n<meta name=\"description\" content=\"Napoli Explosion \u00e8 un progetto artistico di Mario Amura che esplora i confini tra fotografia e pittura.\" \/>\n<meta name=\"robots\" content=\"index, follow, max-snippet:-1, max-image-preview:large, max-video-preview:-1\" \/>\n<link rel=\"canonical\" href=\"https:\/\/napex.art\/en\/product\/napex-92053\/\" \/>\n<meta property=\"og:locale\" content=\"en_GB\" \/>\n<meta property=\"og:type\" content=\"article\" \/>\n<meta property=\"og:title\" content=\"NAPEX 92053 LIMITED\" \/>\n<meta property=\"og:description\" content=\"Napoli Explosion \u00e8 un progetto artistico di Mario Amura che esplora i confini tra fotografia e pittura.\" \/>\n<meta property=\"og:url\" content=\"https:\/\/napex.art\/en\/product\/napex-92053\/\" \/>\n<meta property=\"og:site_name\" content=\"Napex\" \/>\n<meta property=\"article:publisher\" content=\"https:\/\/www.facebook.com\/people\/Napoli-Explosion\/61554423237975\/\" \/>\n<meta property=\"article:modified_time\" content=\"2026-03-03T13:16:07+00:00\" \/>\n<meta property=\"og:image\" content=\"https:\/\/napex.art\/wp-content\/uploads\/2024\/02\/NAPEX_92053_napoli_explosion_frame.jpg\" \/>\n\t<meta property=\"og:image:width\" content=\"1200\" \/>\n\t<meta property=\"og:image:height\" content=\"1200\" \/>\n\t<meta property=\"og:image:type\" content=\"image\/jpeg\" \/>\n<meta name=\"twitter:card\" content=\"summary_large_image\" \/>\n<meta name=\"twitter:site\" content=\"@napoliexplosion\" \/>\n<meta name=\"twitter:label1\" content=\"Estimated reading time\" \/>\n\t<meta name=\"twitter:data1\" content=\"2 minutes\" \/>\n<script type=\"application\/ld+json\" class=\"yoast-schema-graph\">{\"@context\":\"https:\\\/\\\/schema.org\",\"@graph\":[{\"@type\":\"WebPage\",\"@id\":\"https:\\\/\\\/napex.art\\\/prodotto\\\/napex-92053\\\/\",\"url\":\"https:\\\/\\\/napex.art\\\/prodotto\\\/napex-92053\\\/\",\"name\":\"Mario Amura - NAPEX 92053 LIMITED Napoli Explosion Collection\",\"isPartOf\":{\"@id\":\"https:\\\/\\\/napex.art\\\/#website\"},\"primaryImageOfPage\":{\"@id\":\"https:\\\/\\\/napex.art\\\/prodotto\\\/napex-92053\\\/#primaryimage\"},\"image\":{\"@id\":\"https:\\\/\\\/napex.art\\\/prodotto\\\/napex-92053\\\/#primaryimage\"},\"thumbnailUrl\":\"https:\\\/\\\/napex.art\\\/wp-content\\\/uploads\\\/2024\\\/02\\\/NAPEX_92053_napoli_explosion_frame.jpg\",\"datePublished\":\"2024-02-07T15:30:02+00:00\",\"dateModified\":\"2026-03-03T13:16:07+00:00\",\"description\":\"Napoli Explosion \u00e8 un progetto artistico di Mario Amura che esplora i confini tra fotografia e pittura.\",\"breadcrumb\":{\"@id\":\"https:\\\/\\\/napex.art\\\/prodotto\\\/napex-92053\\\/#breadcrumb\"},\"inLanguage\":\"en-GB\",\"potentialAction\":[{\"@type\":\"ReadAction\",\"target\":[\"https:\\\/\\\/napex.art\\\/prodotto\\\/napex-92053\\\/\"]}]},{\"@type\":\"ImageObject\",\"inLanguage\":\"en-GB\",\"@id\":\"https:\\\/\\\/napex.art\\\/prodotto\\\/napex-92053\\\/#primaryimage\",\"url\":\"https:\\\/\\\/napex.art\\\/wp-content\\\/uploads\\\/2024\\\/02\\\/NAPEX_92053_napoli_explosion_frame.jpg\",\"contentUrl\":\"https:\\\/\\\/napex.art\\\/wp-content\\\/uploads\\\/2024\\\/02\\\/NAPEX_92053_napoli_explosion_frame.jpg\",\"width\":1200,\"height\":1200,\"caption\":\"Napex 92053 - Napoli Explosion di Mario Amura\"},{\"@type\":\"BreadcrumbList\",\"@id\":\"https:\\\/\\\/napex.art\\\/prodotto\\\/napex-92053\\\/#breadcrumb\",\"itemListElement\":[{\"@type\":\"ListItem\",\"position\":1,\"name\":\"Home\",\"item\":\"https:\\\/\\\/napex.art\\\/\"},{\"@type\":\"ListItem\",\"position\":2,\"name\":\"Shop\",\"item\":\"https:\\\/\\\/napex.art\\\/shop\\\/\"},{\"@type\":\"ListItem\",\"position\":3,\"name\":\"NAPEX 92053 LIMITED\"}]},{\"@type\":\"WebSite\",\"@id\":\"https:\\\/\\\/napex.art\\\/#website\",\"url\":\"https:\\\/\\\/napex.art\\\/\",\"name\":\"Napex\",\"description\":\"Napoli Explosion\",\"publisher\":{\"@id\":\"https:\\\/\\\/napex.art\\\/#organization\"},\"potentialAction\":[{\"@type\":\"SearchAction\",\"target\":{\"@type\":\"EntryPoint\",\"urlTemplate\":\"https:\\\/\\\/napex.art\\\/?s={search_term_string}\"},\"query-input\":{\"@type\":\"PropertyValueSpecification\",\"valueRequired\":true,\"valueName\":\"search_term_string\"}}],\"inLanguage\":\"en-GB\"},{\"@type\":\"Organization\",\"@id\":\"https:\\\/\\\/napex.art\\\/#organization\",\"name\":\"Napex\",\"url\":\"https:\\\/\\\/napex.art\\\/\",\"logo\":{\"@type\":\"ImageObject\",\"inLanguage\":\"en-GB\",\"@id\":\"https:\\\/\\\/napex.art\\\/#\\\/schema\\\/logo\\\/image\\\/\",\"url\":\"https:\\\/\\\/napex.art\\\/wp-content\\\/uploads\\\/2023\\\/11\\\/new_logo_napex_black-gray.png\",\"contentUrl\":\"https:\\\/\\\/napex.art\\\/wp-content\\\/uploads\\\/2023\\\/11\\\/new_logo_napex_black-gray.png\",\"width\":1280,\"height\":607,\"caption\":\"Napex\"},\"image\":{\"@id\":\"https:\\\/\\\/napex.art\\\/#\\\/schema\\\/logo\\\/image\\\/\"},\"sameAs\":[\"https:\\\/\\\/www.facebook.com\\\/people\\\/Napoli-Explosion\\\/61554423237975\\\/\",\"https:\\\/\\\/x.com\\\/napoliexplosion\",\"https:\\\/\\\/www.instagram.com\\\/napoliexplosion\\\/\"]}]}<\/script>\n<!-- \/ Yoast SEO Premium plugin. -->","yoast_head_json":{"title":"Mario Amura - NAPEX 92053 LIMITED Napoli Explosion Collection","description":"Napoli Explosion \u00e8 un progetto artistico di Mario Amura che esplora i confini tra fotografia e pittura.","robots":{"index":"index","follow":"follow","max-snippet":"max-snippet:-1","max-image-preview":"max-image-preview:large","max-video-preview":"max-video-preview:-1"},"canonical":"https:\/\/napex.art\/en\/product\/napex-92053\/","og_locale":"en_GB","og_type":"article","og_title":"NAPEX 92053 LIMITED","og_description":"Napoli Explosion \u00e8 un progetto artistico di Mario Amura che esplora i confini tra fotografia e pittura.","og_url":"https:\/\/napex.art\/en\/product\/napex-92053\/","og_site_name":"Napex","article_publisher":"https:\/\/www.facebook.com\/people\/Napoli-Explosion\/61554423237975\/","article_modified_time":"2026-03-03T13:16:07+00:00","og_image":[{"width":1200,"height":1200,"url":"https:\/\/napex.art\/wp-content\/uploads\/2024\/02\/NAPEX_92053_napoli_explosion_frame.jpg","type":"image\/jpeg"}],"twitter_card":"summary_large_image","twitter_site":"@napoliexplosion","twitter_misc":{"Estimated reading time":"2 minutes"},"schema":{"@context":"https:\/\/schema.org","@graph":[{"@type":"WebPage","@id":"https:\/\/napex.art\/prodotto\/napex-92053\/","url":"https:\/\/napex.art\/prodotto\/napex-92053\/","name":"Mario Amura - NAPEX 92053 LIMITED Napoli Explosion Collection","isPartOf":{"@id":"https:\/\/napex.art\/#website"},"primaryImageOfPage":{"@id":"https:\/\/napex.art\/prodotto\/napex-92053\/#primaryimage"},"image":{"@id":"https:\/\/napex.art\/prodotto\/napex-92053\/#primaryimage"},"thumbnailUrl":"https:\/\/napex.art\/wp-content\/uploads\/2024\/02\/NAPEX_92053_napoli_explosion_frame.jpg","datePublished":"2024-02-07T15:30:02+00:00","dateModified":"2026-03-03T13:16:07+00:00","description":"Napoli Explosion \u00e8 un progetto artistico di Mario Amura che esplora i confini tra fotografia e pittura.","breadcrumb":{"@id":"https:\/\/napex.art\/prodotto\/napex-92053\/#breadcrumb"},"inLanguage":"en-GB","potentialAction":[{"@type":"ReadAction","target":["https:\/\/napex.art\/prodotto\/napex-92053\/"]}]},{"@type":"ImageObject","inLanguage":"en-GB","@id":"https:\/\/napex.art\/prodotto\/napex-92053\/#primaryimage","url":"https:\/\/napex.art\/wp-content\/uploads\/2024\/02\/NAPEX_92053_napoli_explosion_frame.jpg","contentUrl":"https:\/\/napex.art\/wp-content\/uploads\/2024\/02\/NAPEX_92053_napoli_explosion_frame.jpg","width":1200,"height":1200,"caption":"Napex 92053 - Napoli Explosion di Mario Amura"},{"@type":"BreadcrumbList","@id":"https:\/\/napex.art\/prodotto\/napex-92053\/#breadcrumb","itemListElement":[{"@type":"ListItem","position":1,"name":"Home","item":"https:\/\/napex.art\/"},{"@type":"ListItem","position":2,"name":"Shop","item":"https:\/\/napex.art\/shop\/"},{"@type":"ListItem","position":3,"name":"NAPEX 92053 LIMITED"}]},{"@type":"WebSite","@id":"https:\/\/napex.art\/#website","url":"https:\/\/napex.art\/","name":"Napex","description":"Napoli Explosion exhibition","publisher":{"@id":"https:\/\/napex.art\/#organization"},"potentialAction":[{"@type":"SearchAction","target":{"@type":"EntryPoint","urlTemplate":"https:\/\/napex.art\/?s={search_term_string}"},"query-input":{"@type":"PropertyValueSpecification","valueRequired":true,"valueName":"search_term_string"}}],"inLanguage":"en-GB"},{"@type":"Organization","@id":"https:\/\/napex.art\/#organization","name":"Napex","url":"https:\/\/napex.art\/","logo":{"@type":"ImageObject","inLanguage":"en-GB","@id":"https:\/\/napex.art\/#\/schema\/logo\/image\/","url":"https:\/\/napex.art\/wp-content\/uploads\/2023\/11\/new_logo_napex_black-gray.png","contentUrl":"https:\/\/napex.art\/wp-content\/uploads\/2023\/11\/new_logo_napex_black-gray.png","width":1280,"height":607,"caption":"Napex"},"image":{"@id":"https:\/\/napex.art\/#\/schema\/logo\/image\/"},"sameAs":["https:\/\/www.facebook.com\/people\/Napoli-Explosion\/61554423237975\/","https:\/\/x.com\/napoliexplosion","https:\/\/www.instagram.com\/napoliexplosion\/"]}]}},"_links":{"self":[{"href":"https:\/\/napex.art\/en\/wp-json\/wp\/v2\/product\/24196","targetHints":{"allow":["GET"]}}],"collection":[{"href":"https:\/\/napex.art\/en\/wp-json\/wp\/v2\/product"}],"about":[{"href":"https:\/\/napex.art\/en\/wp-json\/wp\/v2\/types\/product"}],"version-history":[{"count":13,"href":"https:\/\/napex.art\/en\/wp-json\/wp\/v2\/product\/24196\/revisions"}],"predecessor-version":[{"id":27196,"href":"https:\/\/napex.art\/en\/wp-json\/wp\/v2\/product\/24196\/revisions\/27196"}],"wp:featuredmedia":[{"embeddable":true,"href":"https:\/\/napex.art\/en\/wp-json\/wp\/v2\/media\/24178"}],"wp:attachment":[{"href":"https:\/\/napex.art\/en\/wp-json\/wp\/v2\/media?parent=24196"}],"wp:term":[{"taxonomy":"product_brand","embeddable":true,"href":"https:\/\/napex.art\/en\/wp-json\/wp\/v2\/product_brand?post=24196"},{"taxonomy":"product_cat","embeddable":true,"href":"https:\/\/napex.art\/en\/wp-json\/wp\/v2\/product_cat?post=24196"},{"taxonomy":"product_tag","embeddable":true,"href":"https:\/\/napex.art\/en\/wp-json\/wp\/v2\/product_tag?post=24196"}],"curies":[{"name":"wp","href":"https:\/\/api.w.org\/{rel}","templated":true}]}}